{"id":28,"date":"2023-07-31T22:41:46","date_gmt":"2023-07-31T20:41:46","guid":{"rendered":"http:\/\/www.neu.ferienwohnung-thull.de\/?page_id=28"},"modified":"2025-04-12T00:34:38","modified_gmt":"2025-04-11T22:34:38","slug":"test","status":"publish","type":"page","link":"http:\/\/www.ferienwohnung-thull.de\/","title":{"rendered":"Urlaub machen&#8230;"},"content":{"rendered":"\n<h4 class=\"wp-block-heading\"><\/h4>\n\n\n\n<p>&#8230; in einem angenehmen, gepflegten Haus mit pers\u00f6nlicher Note.<\/p>\n\n\n\n<p>Die Ferienwohnungen liegen in ruhiger Lage am Ende einer Sackgasse die nach ca. 50 m zum Eingang des Jordanpark f\u00fchren. In ca. 5 Gehminuten erreichen Sie die Karl-Hansen-Klinik und die Teutoburger-Wald-Klinik. Ebenso drei Lebensmittelm\u00e4rkte mit B\u00e4ckern und eine Bushaltestelle.<br><br>Im gro\u00dfen Garten mit Gartenh\u00fctte k\u00f6nnen Sie erholsame Stunden verbringen.<br><br>Genie\u00dfen Sie lange Spazierg\u00e4nge oder erholsame Aktivit\u00e4ten.<\/p>\n\n\n\n<p><strong>Ferienwohnungen Waltraud Thull<\/strong><br>Am Jordanpark 33<br>33175 Bad Lippspringe<br>Tel.: 05252-3526<br>E-Mail:&nbsp;<a rel=\"noreferrer noopener\" href=\"mailto:info@ferienwohnungen-thull.de\" target=\"_blank\"><mark style=\"background-color:rgba(0, 0, 0, 0);color:#086ca5\" class=\"has-inline-color\">info@ferienwohnungen-thull.de<\/mark><\/a><\/p>\n","protected":false},"excerpt":{"rendered":"<p>&#8230; in einem angenehmen, gepflegten Haus mit pers\u00f6nlicher Note. Die Ferienwohnungen liegen in ruhiger Lage am Ende einer Sackgasse die [&hellip;]<\/p>\n","protected":false},"author":1,"featured_media":0,"parent":0,"menu_order":0,"comment_status":"closed","ping_status":"closed","template":"","meta":{"site-sidebar-layout":"default","site-content-layout":"","ast-site-content-layout":"default","site-content-style":"default","site-sidebar-style":"default","ast-global-header-display":"","ast-banner-title-visibility":"","ast-main-header-display":"","ast-hfb-above-header-display":"","ast-hfb-below-header-display":"","ast-hfb-mobile-header-display":"","site-post-title":"","ast-breadcrumbs-content":"","ast-featured-img":"","footer-sml-layout":"","ast-disable-related-posts":"","theme-transparent-header-meta":"","adv-header-id-meta":"","stick-header-meta":"","header-above-stick-meta":"","header-main-stick-meta":"","header-below-stick-meta":"","astra-migrate-meta-layouts":"default","ast-page-background-enabled":"default","ast-page-background-meta":{"desktop":{"background-color":"var(--ast-global-color-5)","background-image":"","background-repeat":"repeat","background-position":"center center","background-size":"auto","background-attachment":"scroll","background-type":"","background-media":"","overlay-type":"","overlay-color":"","overlay-opacity":"","overlay-gradient":""},"tablet":{"background-color":"","background-image":"","background-repeat":"repeat","background-position":"center center","background-size":"auto","background-attachment":"scroll","background-type":"","background-media":"","overlay-type":"","overlay-color":"","overlay-opacity":"","overlay-gradient":""},"mobile":{"background-color":"","background-image":"","background-repeat":"repeat","background-position":"center center","background-size":"auto","background-attachment":"scroll","background-type":"","background-media":"","overlay-type":"","overlay-color":"","overlay-opacity":"","overlay-gradient":""}},"ast-content-background-meta":{"desktop":{"background-color":"var(--ast-global-color-4)","background-image":"","background-repeat":"repeat","background-position":"center center","background-size":"auto","background-attachment":"scroll","background-type":"","background-media":"","overlay-type":"","overlay-color":"","overlay-opacity":"","overlay-gradient":""},"tablet":{"background-color":"var(--ast-global-color-4)","background-image":"","background-repeat":"repeat","background-position":"center center","background-size":"auto","background-attachment":"scroll","background-type":"","background-media":"","overlay-type":"","overlay-color":"","overlay-opacity":"","overlay-gradient":""},"mobile":{"background-color":"var(--ast-global-color-4)","background-image":"","background-repeat":"repeat","background-position":"center center","background-size":"auto","background-attachment":"scroll","background-type":"","background-media":"","overlay-type":"","overlay-color":"","overlay-opacity":"","overlay-gradient":""}},"footnotes":""},"class_list":["post-28","page","type-page","status-publish","hentry"],"_links":{"self":[{"href":"http:\/\/www.ferienwohnung-thull.de\/index.php?rest_route=\/wp\/v2\/pages\/28","targetHints":{"allow":["GET"]}}],"collection":[{"href":"http:\/\/www.ferienwohnung-thull.de\/index.php?rest_route=\/wp\/v2\/pages"}],"about":[{"href":"http:\/\/www.ferienwohnung-thull.de\/index.php?rest_route=\/wp\/v2\/types\/page"}],"author":[{"embeddable":true,"href":"http:\/\/www.ferienwohnung-thull.de\/index.php?rest_route=\/wp\/v2\/users\/1"}],"replies":[{"embeddable":true,"href":"http:\/\/www.ferienwohnung-thull.de\/index.php?rest_route=%2Fwp%2Fv2%2Fcomments&post=28"}],"version-history":[{"count":8,"href":"http:\/\/www.ferienwohnung-thull.de\/index.php?rest_route=\/wp\/v2\/pages\/28\/revisions"}],"predecessor-version":[{"id":353,"href":"http:\/\/www.ferienwohnung-thull.de\/index.php?rest_route=\/wp\/v2\/pages\/28\/revisions\/353"}],"wp:attachment":[{"href":"http:\/\/www.ferienwohnung-thull.de\/index.php?rest_route=%2Fwp%2Fv2%2Fmedia&parent=28"}],"curies":[{"name":"wp","href":"https:\/\/api.w.org\/{rel}","templated":true}]}}