{"id":374,"date":"2025-04-12T01:34:31","date_gmt":"2025-04-11T23:34:31","guid":{"rendered":"https:\/\/www.ferienwohnung-thull.de\/?page_id=374"},"modified":"2025-04-12T01:34:31","modified_gmt":"2025-04-11T23:34:31","slug":"wohnung-2","status":"publish","type":"page","link":"http:\/\/www.ferienwohnung-thull.de\/?page_id=374","title":{"rendered":"Wohnung 2"},"content":{"rendered":"\n<h4 class=\"wp-block-heading\"><\/h4>\n\n\n\n<p>Die Wohnung verf\u00fcgt \u00fcber eine Wohnfl\u00e4che von 48 m<sup>2<\/sup>. Sie besteht aus einem Badezimmer mit Dusche und Badewanne, einer K\u00fcche, einem Schlafzimmer und einem Wohnzimmer mit gro\u00dfem Balkon. Die Wohnung ist f\u00fcr zwei Personen ausgelegt.<\/p>\n\n\n\n<p><strong>Preis: 45,00 \u20ac  pro Nacht <\/strong><\/p>\n\n\n\n<p>Ab 3 \u00dcbernachtungen buchbar. <\/p>\n\n\n\n<figure class=\"wp-block-gallery has-nested-images columns-default is-cropped wp-block-gallery-1 is-layout-flex wp-block-gallery-is-layout-flex\">\n<figure class=\"wp-block-image size-large\"><img loading=\"lazy\" decoding=\"async\" width=\"1024\" height=\"768\" data-id=\"205\" src=\"http:\/\/www.ferienwohnung-thull.de\/wp-content\/uploads\/2024\/03\/IMG_5391-1024x768.jpeg\" alt=\"\" class=\"wp-image-205\" srcset=\"http:\/\/www.ferienwohnung-thull.de\/wp-content\/uploads\/2024\/03\/IMG_5391-1024x768.jpeg 1024w, http:\/\/www.ferienwohnung-thull.de\/wp-content\/uploads\/2024\/03\/IMG_5391-300x225.jpeg 300w, http:\/\/www.ferienwohnung-thull.de\/wp-content\/uploads\/2024\/03\/IMG_5391-768x576.jpeg 768w, http:\/\/www.ferienwohnung-thull.de\/wp-content\/uploads\/2024\/03\/IMG_5391.jpeg 1280w\" sizes=\"auto, (max-width: 1024px) 100vw, 1024px\" \/><\/figure>\n\n\n\n<figure class=\"wp-block-image size-large\"><img loading=\"lazy\" decoding=\"async\" width=\"1024\" height=\"768\" data-id=\"206\" src=\"http:\/\/www.ferienwohnung-thull.de\/wp-content\/uploads\/2024\/03\/IMG_5394-1024x768.jpeg\" alt=\"\" class=\"wp-image-206\" srcset=\"http:\/\/www.ferienwohnung-thull.de\/wp-content\/uploads\/2024\/03\/IMG_5394-1024x768.jpeg 1024w, http:\/\/www.ferienwohnung-thull.de\/wp-content\/uploads\/2024\/03\/IMG_5394-300x225.jpeg 300w, http:\/\/www.ferienwohnung-thull.de\/wp-content\/uploads\/2024\/03\/IMG_5394-768x576.jpeg 768w, http:\/\/www.ferienwohnung-thull.de\/wp-content\/uploads\/2024\/03\/IMG_5394.jpeg 1280w\" sizes=\"auto, (max-width: 1024px) 100vw, 1024px\" \/><\/figure>\n<\/figure>\n\n\n\n<figure class=\"wp-block-gallery has-nested-images columns-default is-cropped wp-block-gallery-2 is-layout-flex wp-block-gallery-is-layout-flex\">\n<figure class=\"wp-block-image size-large\"><img loading=\"lazy\" decoding=\"async\" width=\"1024\" height=\"768\" data-id=\"307\" src=\"http:\/\/www.ferienwohnung-thull.de\/wp-content\/uploads\/2024\/04\/IMG_5491-2-1024x768.jpeg\" alt=\"\" class=\"wp-image-307\" srcset=\"http:\/\/www.ferienwohnung-thull.de\/wp-content\/uploads\/2024\/04\/IMG_5491-2-1024x768.jpeg 1024w, http:\/\/www.ferienwohnung-thull.de\/wp-content\/uploads\/2024\/04\/IMG_5491-2-300x225.jpeg 300w, http:\/\/www.ferienwohnung-thull.de\/wp-content\/uploads\/2024\/04\/IMG_5491-2-768x576.jpeg 768w, http:\/\/www.ferienwohnung-thull.de\/wp-content\/uploads\/2024\/04\/IMG_5491-2-1536x1152.jpeg 1536w, http:\/\/www.ferienwohnung-thull.de\/wp-content\/uploads\/2024\/04\/IMG_5491-2-2048x1536.jpeg 2048w\" sizes=\"auto, (max-width: 1024px) 100vw, 1024px\" \/><\/figure>\n\n\n\n<figure class=\"wp-block-image size-large\"><img loading=\"lazy\" decoding=\"async\" width=\"1024\" height=\"768\" data-id=\"310\" src=\"http:\/\/www.ferienwohnung-thull.de\/wp-content\/uploads\/2024\/04\/IMG_5493-1024x768.jpg\" alt=\"\" class=\"wp-image-310\" srcset=\"http:\/\/www.ferienwohnung-thull.de\/wp-content\/uploads\/2024\/04\/IMG_5493-1024x768.jpg 1024w, http:\/\/www.ferienwohnung-thull.de\/wp-content\/uploads\/2024\/04\/IMG_5493-300x225.jpg 300w, http:\/\/www.ferienwohnung-thull.de\/wp-content\/uploads\/2024\/04\/IMG_5493-768x576.jpg 768w, http:\/\/www.ferienwohnung-thull.de\/wp-content\/uploads\/2024\/04\/IMG_5493-1536x1152.jpg 1536w, http:\/\/www.ferienwohnung-thull.de\/wp-content\/uploads\/2024\/04\/IMG_5493-2048x1536.jpg 2048w\" sizes=\"auto, (max-width: 1024px) 100vw, 1024px\" \/><\/figure>\n<\/figure>\n\n\n\n<p><\/p>\n\n\n\n<p>Die Wohnung verf\u00fcgt \u00fcber:<\/p>\n\n\n\n<ul class=\"wp-block-list\">\n<li>Bettw\u00e4sche und Handt\u00fccher<\/li>\n\n\n\n<li>Separate K\u00fcche<\/li>\n\n\n\n<li>Mikrowelle<\/li>\n\n\n\n<li>Herd mit Backofen<\/li>\n\n\n\n<li>Eierkocher<\/li>\n\n\n\n<li>Toaster<\/li>\n\n\n\n<li>Wasserkocher<\/li>\n\n\n\n<li>Filter-Kaffeemaschine<\/li>\n\n\n\n<li>Badewanne<\/li>\n\n\n\n<li>Dusche<\/li>\n\n\n\n<li>Haartrockner<\/li>\n\n\n\n<li>Balkon<\/li>\n\n\n\n<li>TV<\/li>\n\n\n\n<li>Radio<\/li>\n\n\n\n<li>WLAN<\/li>\n\n\n\n<li>Parkplatz<\/li>\n\n\n\n<li>Fahrradabstellraum<\/li>\n\n\n\n<li>Garten \/ Liegewiese<\/li>\n<\/ul>\n","protected":false},"excerpt":{"rendered":"<p>Die Wohnung verf\u00fcgt \u00fcber eine Wohnfl\u00e4che von 48 m2. Sie besteht aus einem Badezimmer mit Dusche und Badewanne, einer K\u00fcche, [&hellip;]<\/p>\n","protected":false},"author":1,"featured_media":0,"parent":0,"menu_order":2,"comment_status":"closed","ping_status":"closed","template":"","meta":{"site-sidebar-layout":"default","site-content-layout":"","ast-site-content-layout":"default","site-content-style":"default","site-sidebar-style":"default","ast-global-header-display":"","ast-banner-title-visibility":"","ast-main-header-display":"","ast-hfb-above-header-display":"","ast-hfb-below-header-display":"","ast-hfb-mobile-header-display":"","site-post-title":"","ast-breadcrumbs-content":"","ast-featured-img":"","footer-sml-layout":"","ast-disable-related-posts":"","theme-transparent-header-meta":"","adv-header-id-meta":"","stick-header-meta":"","header-above-stick-meta":"","header-main-stick-meta":"","header-below-stick-meta":"","astra-migrate-meta-layouts":"default","ast-page-background-enabled":"default","ast-page-background-meta":{"desktop":{"background-color":"var(--ast-global-color-5)","background-image":"","background-repeat":"repeat","background-position":"center center","background-size":"auto","background-attachment":"scroll","background-type":"","background-media":"","overlay-type":"","overlay-color":"","overlay-opacity":"","overlay-gradient":""},"tablet":{"background-color":"","background-image":"","background-repeat":"repeat","background-position":"center center","background-size":"auto","background-attachment":"scroll","background-type":"","background-media":"","overlay-type":"","overlay-color":"","overlay-opacity":"","overlay-gradient":""},"mobile":{"background-color":"","background-image":"","background-repeat":"repeat","background-position":"center center","background-size":"auto","background-attachment":"scroll","background-type":"","background-media":"","overlay-type":"","overlay-color":"","overlay-opacity":"","overlay-gradient":""}},"ast-content-background-meta":{"desktop":{"background-color":"var(--ast-global-color-4)","background-image":"","background-repeat":"repeat","background-position":"center center","background-size":"auto","background-attachment":"scroll","background-type":"","background-media":"","overlay-type":"","overlay-color":"","overlay-opacity":"","overlay-gradient":""},"tablet":{"background-color":"var(--ast-global-color-4)","background-image":"","background-repeat":"repeat","background-position":"center center","background-size":"auto","background-attachment":"scroll","background-type":"","background-media":"","overlay-type":"","overlay-color":"","overlay-opacity":"","overlay-gradient":""},"mobile":{"background-color":"var(--ast-global-color-4)","background-image":"","background-repeat":"repeat","background-position":"center center","background-size":"auto","background-attachment":"scroll","background-type":"","background-media":"","overlay-type":"","overlay-color":"","overlay-opacity":"","overlay-gradient":""}},"footnotes":""},"class_list":["post-374","page","type-page","status-publish","hentry"],"_links":{"self":[{"href":"http:\/\/www.ferienwohnung-thull.de\/index.php?rest_route=\/wp\/v2\/pages\/374","targetHints":{"allow":["GET"]}}],"collection":[{"href":"http:\/\/www.ferienwohnung-thull.de\/index.php?rest_route=\/wp\/v2\/pages"}],"about":[{"href":"http:\/\/www.ferienwohnung-thull.de\/index.php?rest_route=\/wp\/v2\/types\/page"}],"author":[{"embeddable":true,"href":"http:\/\/www.ferienwohnung-thull.de\/index.php?rest_route=\/wp\/v2\/users\/1"}],"replies":[{"embeddable":true,"href":"http:\/\/www.ferienwohnung-thull.de\/index.php?rest_route=%2Fwp%2Fv2%2Fcomments&post=374"}],"version-history":[{"count":1,"href":"http:\/\/www.ferienwohnung-thull.de\/index.php?rest_route=\/wp\/v2\/pages\/374\/revisions"}],"predecessor-version":[{"id":376,"href":"http:\/\/www.ferienwohnung-thull.de\/index.php?rest_route=\/wp\/v2\/pages\/374\/revisions\/376"}],"wp:attachment":[{"href":"http:\/\/www.ferienwohnung-thull.de\/index.php?rest_route=%2Fwp%2Fv2%2Fmedia&parent=374"}],"curies":[{"name":"wp","href":"https:\/\/api.w.org\/{rel}","templated":true}]}}