{"id":59,"date":"2023-08-01T16:14:32","date_gmt":"2023-08-01T14:14:32","guid":{"rendered":"http:\/\/www.neu.ferienwohnung-thull.de\/?page_id=59"},"modified":"2025-04-12T01:13:28","modified_gmt":"2025-04-11T23:13:28","slug":"in-der-naehe","status":"publish","type":"page","link":"http:\/\/www.ferienwohnung-thull.de\/?page_id=59","title":{"rendered":"Freizeitaktivit\u00e4ten"},"content":{"rendered":"\n<h4 class=\"wp-block-heading\"><\/h4>\n\n\n\n<h5 class=\"wp-block-heading\">Aktiv erholen<\/h5>\n\n\n\n<p>Besonders zwischen Mai und September k\u00f6nnen Sie bei uns wirklich etwas f\u00fcr sich tun. Naturfreunde kommen dabei voll auf ihre Kosten.<\/p>\n\n\n\n<h5 class=\"wp-block-heading\">Laufen<\/h5>\n\n\n\n<p>Unz\u00e4hlige Kilometer Wald- und Feldwege lassen Sie gelenkschonend laufen. Genie\u00dfen Sie frische, klare Luft, zwitschernde V\u00f6gel und das Gef\u00fchl, t\u00e4glich etwas f\u00fcr die Gesundheit tun zu k\u00f6nnen.<\/p>\n\n\n\n<h5 class=\"wp-block-heading\">Radfahren<\/h5>\n\n\n\n<p>Rund um unser G\u00e4stehaus gibt es verschiedene befestigte und unbefestigete Touren, die das Biker-Herz h\u00f6her schlagen lassen.&nbsp;<\/p>\n\n\n\n<h5 class=\"wp-block-heading\">Schwimmen<\/h5>\n\n\n\n<p>F\u00fcr Wassersportler gibt es in Bad Lippspringe die bekannte <a href=\"http:\/\/www.westfalen-therme.de\"><mark style=\"background-color:rgba(0, 0, 0, 0);color:#0e00fd\" class=\"has-inline-color\">Westfalen-Therme<\/mark><\/a><mark style=\"background-color:rgba(0, 0, 0, 0);color:#0e00fd\" class=\"has-inline-color\"> <\/mark>oder das benachbarte Thermal-Freibad.<\/p>\n\n\n\n<h5 class=\"wp-block-heading\">Tourismus<\/h5>\n\n\n\n<p>Auf der Homepage der <a href=\"https:\/\/www.bad-lippspringe.de\/bali\/tourismus\/\"><mark style=\"background-color:rgba(0, 0, 0, 0);color:#0e00fd\" class=\"has-inline-color\">Stadt Bad Lippspringe<\/mark><\/a><mark style=\"background-color:rgba(0, 0, 0, 0);color:#0e00fd\" class=\"has-inline-color\"> <\/mark>befinden sich Hinweise zu Bad Lippspringe, Gastronomie und zu Ausflugszielen in der Umgebung von Bad Lippspringe.<\/p>\n","protected":false},"excerpt":{"rendered":"<p>Aktiv erholen Besonders zwischen Mai und September k\u00f6nnen Sie bei uns wirklich etwas f\u00fcr sich tun. Naturfreunde kommen dabei voll [&hellip;]<\/p>\n","protected":false},"author":1,"featured_media":0,"parent":0,"menu_order":5,"comment_status":"closed","ping_status":"closed","template":"","meta":{"site-sidebar-layout":"default","site-content-layout":"","ast-site-content-layout":"default","site-content-style":"default","site-sidebar-style":"default","ast-global-header-display":"","ast-banner-title-visibility":"","ast-main-header-display":"","ast-hfb-above-header-display":"","ast-hfb-below-header-display":"","ast-hfb-mobile-header-display":"","site-post-title":"","ast-breadcrumbs-content":"","ast-featured-img":"","footer-sml-layout":"","ast-disable-related-posts":"","theme-transparent-header-meta":"","adv-header-id-meta":"","stick-header-meta":"","header-above-stick-meta":"","header-main-stick-meta":"","header-below-stick-meta":"","astra-migrate-meta-layouts":"default","ast-page-background-enabled":"default","ast-page-background-meta":{"desktop":{"background-color":"var(--ast-global-color-5)","background-image":"","background-repeat":"repeat","background-position":"center center","background-size":"auto","background-attachment":"scroll","background-type":"","background-media":"","overlay-type":"","overlay-color":"","overlay-opacity":"","overlay-gradient":""},"tablet":{"background-color":"","background-image":"","background-repeat":"repeat","background-position":"center center","background-size":"auto","background-attachment":"scroll","background-type":"","background-media":"","overlay-type":"","overlay-color":"","overlay-opacity":"","overlay-gradient":""},"mobile":{"background-color":"","background-image":"","background-repeat":"repeat","background-position":"center center","background-size":"auto","background-attachment":"scroll","background-type":"","background-media":"","overlay-type":"","overlay-color":"","overlay-opacity":"","overlay-gradient":""}},"ast-content-background-meta":{"desktop":{"background-color":"var(--ast-global-color-4)","background-image":"","background-repeat":"repeat","background-position":"center center","background-size":"auto","background-attachment":"scroll","background-type":"","background-media":"","overlay-type":"","overlay-color":"","overlay-opacity":"","overlay-gradient":""},"tablet":{"background-color":"var(--ast-global-color-4)","background-image":"","background-repeat":"repeat","background-position":"center center","background-size":"auto","background-attachment":"scroll","background-type":"","background-media":"","overlay-type":"","overlay-color":"","overlay-opacity":"","overlay-gradient":""},"mobile":{"background-color":"var(--ast-global-color-4)","background-image":"","background-repeat":"repeat","background-position":"center center","background-size":"auto","background-attachment":"scroll","background-type":"","background-media":"","overlay-type":"","overlay-color":"","overlay-opacity":"","overlay-gradient":""}},"footnotes":""},"class_list":["post-59","page","type-page","status-publish","hentry"],"_links":{"self":[{"href":"http:\/\/www.ferienwohnung-thull.de\/index.php?rest_route=\/wp\/v2\/pages\/59","targetHints":{"allow":["GET"]}}],"collection":[{"href":"http:\/\/www.ferienwohnung-thull.de\/index.php?rest_route=\/wp\/v2\/pages"}],"about":[{"href":"http:\/\/www.ferienwohnung-thull.de\/index.php?rest_route=\/wp\/v2\/types\/page"}],"author":[{"embeddable":true,"href":"http:\/\/www.ferienwohnung-thull.de\/index.php?rest_route=\/wp\/v2\/users\/1"}],"replies":[{"embeddable":true,"href":"http:\/\/www.ferienwohnung-thull.de\/index.php?rest_route=%2Fwp%2Fv2%2Fcomments&post=59"}],"version-history":[{"count":1,"href":"http:\/\/www.ferienwohnung-thull.de\/index.php?rest_route=\/wp\/v2\/pages\/59\/revisions"}],"predecessor-version":[{"id":244,"href":"http:\/\/www.ferienwohnung-thull.de\/index.php?rest_route=\/wp\/v2\/pages\/59\/revisions\/244"}],"wp:attachment":[{"href":"http:\/\/www.ferienwohnung-thull.de\/index.php?rest_route=%2Fwp%2Fv2%2Fmedia&parent=59"}],"curies":[{"name":"wp","href":"https:\/\/api.w.org\/{rel}","templated":true}]}}