{"id":71,"date":"2023-08-06T18:36:45","date_gmt":"2023-08-06T16:36:45","guid":{"rendered":"http:\/\/www.neu.ferienwohnung-thull.de\/?page_id=71"},"modified":"2025-04-12T01:13:09","modified_gmt":"2025-04-11T23:13:09","slug":"anreise","status":"publish","type":"page","link":"http:\/\/www.ferienwohnung-thull.de\/?page_id=71","title":{"rendered":"Anreise"},"content":{"rendered":"\n<h4 class=\"wp-block-heading\"><\/h4>\n\n\n\n<p><strong>Mit dem PKW zu uns<\/strong><\/p>\n\n\n\n<p>Bad Lippspringe liegt an der Bundesstra\u00dfe 1 zwischen Paderborn (9 km) und Detmold (20 km). Die g\u00fcnstigsten Autoverbindungen sind:<\/p>\n\n\n\n<p>BAB Ruhrgebiet &#8211; Kassel (A44). Am Autobahnkreuz &#8222;W\u00fcnnenberg-Haaren&#8220; von der A44 auf die A33 Richtung Bielefeld\/Paderborn wechseln. Von dort aus bis zur Abfahrt Paderborn-Elsen, wo Sie auf die B1 nach Bad Lippspringe wechseln.<\/p>\n\n\n\n<p>BAB Oberhausen &#8211; Hannover (A2). Aus Richtung Hannover f\u00e4hrt man im Autobahnkreuz Bielefeld auf die A33 bis zur Abfahrt Paderborn-Elsen, wo Sie auf die B1 nach Bad Lippspringe wechseln.<\/p>\n\n\n\n<p>_____________________________________________________________________<\/p>\n\n\n\n<p><strong>\u00d6ffentliche Verkehrsmittel<\/strong><\/p>\n\n\n\n<p>Vom Hauptbahnhof in Paderborn besteht eine etwa 1\/4 bzw. 1\/2-st\u00fcndige Busverbindung mit den Linien R50 und R51.  Die n\u00e4chstgelegene Haltestelle hei\u00dft \u201eKonrad-Korte-Stra\u00dfe\u201c. Reisegep\u00e4ck kann bis Bad Lippspringe aufgegeben und zugestellt werden.<br><br>Informationen \u00fcber die Fahrpl\u00e4ne der <a href=\"https:\/\/www.bahn.de\" target=\"_blank\" rel=\"noreferrer noopener\"><mark style=\"background-color:rgba(0, 0, 0, 0);color:#0e00fd\" class=\"has-inline-color\">Deutschen Bahn<\/mark><\/a> oder der <a href=\"https:\/\/www.fahr-mit.de\/fahr-mit\/fahrplan-und-liniennetz\/fahrplanauskunft-fm.php\"><mark style=\"background-color:rgba(0, 0, 0, 0);color:#0e00fd\" class=\"has-inline-color\">Busse<\/mark><\/a> erhalten Sie im Internet.<\/p>\n","protected":false},"excerpt":{"rendered":"<p>Mit dem PKW zu uns Bad Lippspringe liegt an der Bundesstra\u00dfe 1 zwischen Paderborn (9 km) und Detmold (20 km). [&hellip;]<\/p>\n","protected":false},"author":1,"featured_media":0,"parent":0,"menu_order":4,"comment_status":"closed","ping_status":"closed","template":"","meta":{"site-sidebar-layout":"default","site-content-layout":"","ast-site-content-layout":"default","site-content-style":"default","site-sidebar-style":"default","ast-global-header-display":"","ast-banner-title-visibility":"","ast-main-header-display":"","ast-hfb-above-header-display":"","ast-hfb-below-header-display":"","ast-hfb-mobile-header-display":"","site-post-title":"","ast-breadcrumbs-content":"","ast-featured-img":"","footer-sml-layout":"","ast-disable-related-posts":"","theme-transparent-header-meta":"","adv-header-id-meta":"","stick-header-meta":"","header-above-stick-meta":"","header-main-stick-meta":"","header-below-stick-meta":"","astra-migrate-meta-layouts":"default","ast-page-background-enabled":"default","ast-page-background-meta":{"desktop":{"background-color":"var(--ast-global-color-5)","background-image":"","background-repeat":"repeat","background-position":"center center","background-size":"auto","background-attachment":"scroll","background-type":"","background-media":"","overlay-type":"","overlay-color":"","overlay-opacity":"","overlay-gradient":""},"tablet":{"background-color":"","background-image":"","background-repeat":"repeat","background-position":"center center","background-size":"auto","background-attachment":"scroll","background-type":"","background-media":"","overlay-type":"","overlay-color":"","overlay-opacity":"","overlay-gradient":""},"mobile":{"background-color":"","background-image":"","background-repeat":"repeat","background-position":"center center","background-size":"auto","background-attachment":"scroll","background-type":"","background-media":"","overlay-type":"","overlay-color":"","overlay-opacity":"","overlay-gradient":""}},"ast-content-background-meta":{"desktop":{"background-color":"var(--ast-global-color-4)","background-image":"","background-repeat":"repeat","background-position":"center center","background-size":"auto","background-attachment":"scroll","background-type":"","background-media":"","overlay-type":"","overlay-color":"","overlay-opacity":"","overlay-gradient":""},"tablet":{"background-color":"var(--ast-global-color-4)","background-image":"","background-repeat":"repeat","background-position":"center center","background-size":"auto","background-attachment":"scroll","background-type":"","background-media":"","overlay-type":"","overlay-color":"","overlay-opacity":"","overlay-gradient":""},"mobile":{"background-color":"var(--ast-global-color-4)","background-image":"","background-repeat":"repeat","background-position":"center center","background-size":"auto","background-attachment":"scroll","background-type":"","background-media":"","overlay-type":"","overlay-color":"","overlay-opacity":"","overlay-gradient":""}},"footnotes":""},"class_list":["post-71","page","type-page","status-publish","hentry"],"_links":{"self":[{"href":"http:\/\/www.ferienwohnung-thull.de\/index.php?rest_route=\/wp\/v2\/pages\/71","targetHints":{"allow":["GET"]}}],"collection":[{"href":"http:\/\/www.ferienwohnung-thull.de\/index.php?rest_route=\/wp\/v2\/pages"}],"about":[{"href":"http:\/\/www.ferienwohnung-thull.de\/index.php?rest_route=\/wp\/v2\/types\/page"}],"author":[{"embeddable":true,"href":"http:\/\/www.ferienwohnung-thull.de\/index.php?rest_route=\/wp\/v2\/users\/1"}],"replies":[{"embeddable":true,"href":"http:\/\/www.ferienwohnung-thull.de\/index.php?rest_route=%2Fwp%2Fv2%2Fcomments&post=71"}],"version-history":[{"count":2,"href":"http:\/\/www.ferienwohnung-thull.de\/index.php?rest_route=\/wp\/v2\/pages\/71\/revisions"}],"predecessor-version":[{"id":295,"href":"http:\/\/www.ferienwohnung-thull.de\/index.php?rest_route=\/wp\/v2\/pages\/71\/revisions\/295"}],"wp:attachment":[{"href":"http:\/\/www.ferienwohnung-thull.de\/index.php?rest_route=%2Fwp%2Fv2%2Fmedia&parent=71"}],"curies":[{"name":"wp","href":"https:\/\/api.w.org\/{rel}","templated":true}]}}