{"id":83,"date":"2023-08-06T19:34:45","date_gmt":"2023-08-06T17:34:45","guid":{"rendered":"http:\/\/www.neu.ferienwohnung-thull.de\/?page_id=83"},"modified":"2025-04-12T01:13:01","modified_gmt":"2025-04-11T23:13:01","slug":"unser-garten","status":"publish","type":"page","link":"https:\/\/www.ferienwohnung-thull.de\/?page_id=83","title":{"rendered":"Unser Garten"},"content":{"rendered":"\n<h4 class=\"wp-block-heading\"><\/h4>\n\n\n\n<p>Unser Haus verf\u00fcgt \u00fcber einen gro\u00dfen Garten mit einer Gartenh\u00fctte, die mitbenutzt werden kann. <\/p>\n\n\n\n<figure class=\"wp-block-image size-large\"><img loading=\"lazy\" decoding=\"async\" width=\"1024\" height=\"683\" src=\"http:\/\/www.test.ferienwohnung-thull.de\/wp-content\/uploads\/2023\/08\/GartenVonOben-scaled-1-1024x683.jpg\" alt=\"\" class=\"wp-image-109\" srcset=\"https:\/\/www.ferienwohnung-thull.de\/wp-content\/uploads\/2023\/08\/GartenVonOben-scaled-1-1024x683.jpg 1024w, https:\/\/www.ferienwohnung-thull.de\/wp-content\/uploads\/2023\/08\/GartenVonOben-scaled-1-300x200.jpg 300w, https:\/\/www.ferienwohnung-thull.de\/wp-content\/uploads\/2023\/08\/GartenVonOben-scaled-1-768x512.jpg 768w, https:\/\/www.ferienwohnung-thull.de\/wp-content\/uploads\/2023\/08\/GartenVonOben-scaled-1-1536x1024.jpg 1536w, https:\/\/www.ferienwohnung-thull.de\/wp-content\/uploads\/2023\/08\/GartenVonOben-scaled-1-2048x1366.jpg 2048w\" sizes=\"auto, (max-width: 1024px) 100vw, 1024px\" \/><\/figure>\n\n\n\n<figure class=\"wp-block-gallery has-nested-images columns-default is-cropped wp-block-gallery-1 is-layout-flex wp-block-gallery-is-layout-flex\">\n<figure class=\"wp-block-image size-large\"><img loading=\"lazy\" decoding=\"async\" width=\"640\" height=\"480\" data-id=\"111\" src=\"http:\/\/www.test.ferienwohnung-thull.de\/wp-content\/uploads\/2023\/08\/20180822_103444_p04_640.jpg\" alt=\"\" class=\"wp-image-111\" srcset=\"https:\/\/www.ferienwohnung-thull.de\/wp-content\/uploads\/2023\/08\/20180822_103444_p04_640.jpg 640w, https:\/\/www.ferienwohnung-thull.de\/wp-content\/uploads\/2023\/08\/20180822_103444_p04_640-300x225.jpg 300w\" sizes=\"auto, (max-width: 640px) 100vw, 640px\" \/><\/figure>\n\n\n\n<figure class=\"wp-block-image size-full\"><img loading=\"lazy\" decoding=\"async\" width=\"216\" height=\"162\" data-id=\"110\" src=\"http:\/\/www.ferienwohnung-thull.de\/wp-content\/uploads\/2023\/08\/GartenhuetteTeich.jpg\" alt=\"\" class=\"wp-image-110\"\/><\/figure>\n<\/figure>\n\n\n\n<p><\/p>\n","protected":false},"excerpt":{"rendered":"<p>Unser Haus verf\u00fcgt \u00fcber einen gro\u00dfen Garten mit einer Gartenh\u00fctte, die mitbenutzt werden kann.<\/p>\n","protected":false},"author":1,"featured_media":0,"parent":0,"menu_order":3,"comment_status":"closed","ping_status":"closed","template":"","meta":{"site-sidebar-layout":"default","site-content-layout":"","ast-site-content-layout":"default","site-content-style":"default","site-sidebar-style":"default","ast-global-header-display":"","ast-banner-title-visibility":"","ast-main-header-display":"","ast-hfb-above-header-display":"","ast-hfb-below-header-display":"","ast-hfb-mobile-header-display":"","site-post-title":"","ast-breadcrumbs-content":"","ast-featured-img":"","footer-sml-layout":"","ast-disable-related-posts":"","theme-transparent-header-meta":"","adv-header-id-meta":"","stick-header-meta":"","header-above-stick-meta":"","header-main-stick-meta":"","header-below-stick-meta":"","astra-migrate-meta-layouts":"default","ast-page-background-enabled":"default","ast-page-background-meta":{"desktop":{"background-color":"var(--ast-global-color-5)","background-image":"","background-repeat":"repeat","background-position":"center center","background-size":"auto","background-attachment":"scroll","background-type":"","background-media":"","overlay-type":"","overlay-color":"","overlay-opacity":"","overlay-gradient":""},"tablet":{"background-color":"","background-image":"","background-repeat":"repeat","background-position":"center center","background-size":"auto","background-attachment":"scroll","background-type":"","background-media":"","overlay-type":"","overlay-color":"","overlay-opacity":"","overlay-gradient":""},"mobile":{"background-color":"","background-image":"","background-repeat":"repeat","background-position":"center center","background-size":"auto","background-attachment":"scroll","background-type":"","background-media":"","overlay-type":"","overlay-color":"","overlay-opacity":"","overlay-gradient":""}},"ast-content-background-meta":{"desktop":{"background-color":"var(--ast-global-color-4)","background-image":"","background-repeat":"repeat","background-position":"center center","background-size":"auto","background-attachment":"scroll","background-type":"","background-media":"","overlay-type":"","overlay-color":"","overlay-opacity":"","overlay-gradient":""},"tablet":{"background-color":"var(--ast-global-color-4)","background-image":"","background-repeat":"repeat","background-position":"center center","background-size":"auto","background-attachment":"scroll","background-type":"","background-media":"","overlay-type":"","overlay-color":"","overlay-opacity":"","overlay-gradient":""},"mobile":{"background-color":"var(--ast-global-color-4)","background-image":"","background-repeat":"repeat","background-position":"center center","background-size":"auto","background-attachment":"scroll","background-type":"","background-media":"","overlay-type":"","overlay-color":"","overlay-opacity":"","overlay-gradient":""}},"footnotes":""},"class_list":["post-83","page","type-page","status-publish","hentry"],"_links":{"self":[{"href":"https:\/\/www.ferienwohnung-thull.de\/index.php?rest_route=\/wp\/v2\/pages\/83","targetHints":{"allow":["GET"]}}],"collection":[{"href":"https:\/\/www.ferienwohnung-thull.de\/index.php?rest_route=\/wp\/v2\/pages"}],"about":[{"href":"https:\/\/www.ferienwohnung-thull.de\/index.php?rest_route=\/wp\/v2\/types\/page"}],"author":[{"embeddable":true,"href":"https:\/\/www.ferienwohnung-thull.de\/index.php?rest_route=\/wp\/v2\/users\/1"}],"replies":[{"embeddable":true,"href":"https:\/\/www.ferienwohnung-thull.de\/index.php?rest_route=%2Fwp%2Fv2%2Fcomments&post=83"}],"version-history":[{"count":5,"href":"https:\/\/www.ferienwohnung-thull.de\/index.php?rest_route=\/wp\/v2\/pages\/83\/revisions"}],"predecessor-version":[{"id":297,"href":"https:\/\/www.ferienwohnung-thull.de\/index.php?rest_route=\/wp\/v2\/pages\/83\/revisions\/297"}],"wp:attachment":[{"href":"https:\/\/www.ferienwohnung-thull.de\/index.php?rest_route=%2Fwp%2Fv2%2Fmedia&parent=83"}],"curies":[{"name":"wp","href":"https:\/\/api.w.org\/{rel}","templated":true}]}}